{"id":84,"date":"2023-07-17T04:35:23","date_gmt":"2023-07-17T02:35:23","guid":{"rendered":"https:\/\/veauthier.com\/?page_id=84"},"modified":"2023-10-22T00:35:24","modified_gmt":"2023-10-21T22:35:24","slug":"vita","status":"publish","type":"page","link":"https:\/\/veauthier.com\/en\/vita\/","title":{"rendered":"CV"},"content":{"rendered":"<div class=\"wp-block-image\">\n<figure class=\"alignleft size-large\"><img loading=\"lazy\" decoding=\"async\" width=\"1024\" height=\"683\" src=\"https:\/\/veauthier.com\/wp-content\/uploads\/2023\/07\/Andreas_Veauthier-1024x683.jpg\" alt=\"\" class=\"wp-image-86\" srcset=\"https:\/\/veauthier.com\/wp-content\/uploads\/2023\/07\/Andreas_Veauthier-1024x683.jpg 1024w, https:\/\/veauthier.com\/wp-content\/uploads\/2023\/07\/Andreas_Veauthier-300x200.jpg 300w, https:\/\/veauthier.com\/wp-content\/uploads\/2023\/07\/Andreas_Veauthier-768x512.jpg 768w, https:\/\/veauthier.com\/wp-content\/uploads\/2023\/07\/Andreas_Veauthier-1536x1024.jpg 1536w, https:\/\/veauthier.com\/wp-content\/uploads\/2023\/07\/Andreas_Veauthier-2048x1366.jpg 2048w, https:\/\/veauthier.com\/wp-content\/uploads\/2023\/07\/Andreas_Veauthier-18x12.jpg 18w, https:\/\/veauthier.com\/wp-content\/uploads\/2023\/07\/Andreas_Veauthier.jpg 2158w\" sizes=\"auto, (max-width: 1024px) 100vw, 1024px\" \/><\/figure><\/div>\n\n\n<p>Andreas Veauthier Architekt BDA<\/p>\n\n\n\n<p>Andreas Veauthier studied at the Technical University in Berlin and UP6 in Paris. Following his diploma in 1994, he spent the first four years of his career working for Sauerbruch Hutton and Anderhalten Architekten in Berlin.<\/p>\n\n\n\n<p>In 1998 he founded his own office. From 1998-2001 he worked as contact architect for Edouardo Souto de Moura and Alvaro Siza on the new construction of the Portuguese Pavilion at Expo 2000 in Hanover. In the following years, the office specialized in new buildings in the educational sector. In the partnership Veauthier Meyer Architekten from 2008-2014, the office developed a further focus on swimming pool construction in addition to residential buildings.<\/p>\n\n\n\n<p>In parallel to working in his architecture office, Andreas Veauthier is also active in teaching. From 2005 to 2010 as a lecturer in the master's degree program Real Estate at the TU Berlin, 2016 as part of a teaching assignment at the Beuth University in Berlin, 2017 as part of a teaching assignment at the RheinMain University in Wiesbaden. Numerous lectures, guest reviews and judging activities accompany his work.<\/p>\n\n\n\n<p>From 2003-2014 Andreas Veauthier was a member of the advisory board of the Saarland Cultural Heritage Foundation. In 2007 he was admitted to the BDA Bund Deutscher Architekten, Landesverband Berlin. Numerous lectures, guest reviews and judging activities accompany his work.<\/p>\n\n\n\n<p>From 2016 to 2018, Andreas Veauthier was head of the university building department at the RheinMain University of Applied Sciences in Wiesbaden, where he was responsible for urban and building construction measures.<\/p>\n\n\n\n<p>Andreas Veauthier has been working with the pro.b group from 2019 to 2023 on behalf of Volksbau nationwide on sustainable housing and commercial projects, primarily in timber construction.<br><br><br><br><br><\/p>","protected":false},"excerpt":{"rendered":"<p>Andreas Veauthier Architekt BDA Andreas Veauthier studierte an der TU Berlin und der UP6 in Paris. Nach seinem Diplom 1994 arbeitete er w\u00e4hrend der ersten vier Berufsjahre bei Sauerbruch Hutton und Anderhalten Architekten in Berlin. 1998 gr\u00fcndete er sein eigenes B\u00fcro. Von 1998-2001 arbeitete er als Kontaktarchitekt von Edouardo Souto de Moura und Alvaro Siza [&hellip;]<\/p>","protected":false},"author":1,"featured_media":0,"parent":0,"menu_order":0,"comment_status":"closed","ping_status":"closed","template":"","meta":{"_coblocks_attr":"","_coblocks_dimensions":"","_coblocks_responsive_height":"","_coblocks_accordion_ie_support":"","footnotes":""},"class_list":["post-84","page","type-page","status-publish","hentry"],"acf":[],"_links":{"self":[{"href":"https:\/\/veauthier.com\/en\/wp-json\/wp\/v2\/pages\/84","targetHints":{"allow":["GET"]}}],"collection":[{"href":"https:\/\/veauthier.com\/en\/wp-json\/wp\/v2\/pages"}],"about":[{"href":"https:\/\/veauthier.com\/en\/wp-json\/wp\/v2\/types\/page"}],"author":[{"embeddable":true,"href":"https:\/\/veauthier.com\/en\/wp-json\/wp\/v2\/users\/1"}],"replies":[{"embeddable":true,"href":"https:\/\/veauthier.com\/en\/wp-json\/wp\/v2\/comments?post=84"}],"version-history":[{"count":12,"href":"https:\/\/veauthier.com\/en\/wp-json\/wp\/v2\/pages\/84\/revisions"}],"predecessor-version":[{"id":1715,"href":"https:\/\/veauthier.com\/en\/wp-json\/wp\/v2\/pages\/84\/revisions\/1715"}],"wp:attachment":[{"href":"https:\/\/veauthier.com\/en\/wp-json\/wp\/v2\/media?parent=84"}],"curies":[{"name":"wp","href":"https:\/\/api.w.org\/{rel}","templated":true}]}}