{"id":31,"date":"2023-07-12T23:33:48","date_gmt":"2023-07-12T21:33:48","guid":{"rendered":"https:\/\/veauthier.com\/?page_id=31"},"modified":"2023-10-27T18:35:35","modified_gmt":"2023-10-27T16:35:35","slug":"architektur","status":"publish","type":"page","link":"https:\/\/veauthier.com\/en\/leistungen\/architektur\/","title":{"rendered":"Services Architectural Design"},"content":{"rendered":"<p>Andreas Veauthier has headed his architectural office since 1998, with which he has planned and implemented numerous private and public projects in the areas of educational buildings, sports buildings and residential buildings. Building in existing buildings and in listed areas is one of our ongoing construction tasks. <\/p>\n\n\n\n<p id=\"architekturleistungen\">Within the scope of planning we offer:<br>- Test designs\/preliminary designs<br>- building designs<br>- approval planning<br>- implementation execution planning<br>- general planning.<\/p>\n\n\n\n<p><\/p>\n\n\n\n<p>Schauen Sie sich unsere Projektreferenzen der <a rel=\"noreferrer noopener\" href=\"https:\/\/veauthier.com\/en\/projekte\/\" target=\"_blank\">Architectural design<\/a> an.<\/p>","protected":false},"excerpt":{"rendered":"<p>Andreas Veauthier leitet sein Architekturb\u00fcro seit 1998, mit dem er bis heute zahlreiche private und \u00f6ffentliche Projekte in den Bereichen Bildungsbauten, Sportbauten und Wohnungsbauten plante und realisierte. Das Bauen im Bestand und im denkmalgesch\u00fctzten Bereich geh\u00f6rt ebenso zu unseren st\u00e4ndigen Bauaufgaben. Im Rahmen der Planung bieten wir Ihnen an:- Testentw\u00fcrfe\/Vorentw\u00fcrfe- Geb\u00e4udeentw\u00fcrfe- Genehmigungsplanungen- Ausf\u00fchrungsplanungen- Generalplanungen. Schauen [&hellip;]<\/p>","protected":false},"author":1,"featured_media":1196,"parent":22,"menu_order":0,"comment_status":"closed","ping_status":"closed","template":"","meta":{"_coblocks_attr":"","_coblocks_dimensions":"","_coblocks_responsive_height":"","_coblocks_accordion_ie_support":"","footnotes":""},"class_list":["post-31","page","type-page","status-publish","has-post-thumbnail","hentry"],"acf":[],"_links":{"self":[{"href":"https:\/\/veauthier.com\/en\/wp-json\/wp\/v2\/pages\/31","targetHints":{"allow":["GET"]}}],"collection":[{"href":"https:\/\/veauthier.com\/en\/wp-json\/wp\/v2\/pages"}],"about":[{"href":"https:\/\/veauthier.com\/en\/wp-json\/wp\/v2\/types\/page"}],"author":[{"embeddable":true,"href":"https:\/\/veauthier.com\/en\/wp-json\/wp\/v2\/users\/1"}],"replies":[{"embeddable":true,"href":"https:\/\/veauthier.com\/en\/wp-json\/wp\/v2\/comments?post=31"}],"version-history":[{"count":16,"href":"https:\/\/veauthier.com\/en\/wp-json\/wp\/v2\/pages\/31\/revisions"}],"predecessor-version":[{"id":1844,"href":"https:\/\/veauthier.com\/en\/wp-json\/wp\/v2\/pages\/31\/revisions\/1844"}],"up":[{"embeddable":true,"href":"https:\/\/veauthier.com\/en\/wp-json\/wp\/v2\/pages\/22"}],"wp:featuredmedia":[{"embeddable":true,"href":"https:\/\/veauthier.com\/en\/wp-json\/wp\/v2\/media\/1196"}],"wp:attachment":[{"href":"https:\/\/veauthier.com\/en\/wp-json\/wp\/v2\/media?parent=31"}],"curies":[{"name":"wp","href":"https:\/\/api.w.org\/{rel}","templated":true}]}}