{"id":22,"date":"2023-07-12T23:33:14","date_gmt":"2023-07-12T23:33:14","guid":{"rendered":"https:\/\/veauthier.com\/?page_id=22"},"modified":"2023-10-24T11:20:35","modified_gmt":"2023-10-24T09:20:35","slug":"leistungen","status":"publish","type":"page","link":"https:\/\/veauthier.com\/en\/leistungen\/","title":{"rendered":"Services"},"content":{"rendered":"<p>We advise and assist private and public clients in the preparation, planning and realization of their building projects.<\/p>\n\n\n\n<p><br>We work for you in these areas:<\/p>\n\n\n\n<p><a href=\"\/en\/leistungen\/nachhaltigkeit\/\" target=\"_blank\" rel=\"noreferrer noopener\">Sustainability services<\/a><\/p>\n\n\n\n<p><a href=\"\/en\/leistungen\/projektsteuerung\/\" target=\"_blank\" rel=\"noreferrer noopener\">Project management<\/a><\/p>\n\n\n\n<p><a href=\"\/en\/leistungen\/architektur\/\" data-type=\"page\" data-id=\"1804\" target=\"_blank\" rel=\"noreferrer noopener\">Architectural design<\/a><br><\/p>","protected":false},"excerpt":{"rendered":"<p>Wir beraten und betreuen private und \u00f6ffentliche Bauherren bei der Vorbereitung, Planung und Realisierung ihrer Projekte. Nach 25 Jahren Berufst\u00e4tigkeit in der Planung und Projektsteuerung \u00f6ffentlicher und privater Bauvorhaben wissen wir, worauf es ankommt und k\u00f6nnen uns gut auf ganz unterschiedliche Bauherrenprofile einstellen. In diesen Bereichen arbeiten wir f\u00fcr Sie: Nachhaltigkeit Projektsteuerung Architektur<\/p>","protected":false},"author":1,"featured_media":1211,"parent":0,"menu_order":0,"comment_status":"closed","ping_status":"closed","template":"","meta":{"_coblocks_attr":"","_coblocks_dimensions":"","_coblocks_responsive_height":"","_coblocks_accordion_ie_support":"","footnotes":""},"class_list":["post-22","page","type-page","status-publish","has-post-thumbnail","hentry"],"acf":[],"_links":{"self":[{"href":"https:\/\/veauthier.com\/en\/wp-json\/wp\/v2\/pages\/22","targetHints":{"allow":["GET"]}}],"collection":[{"href":"https:\/\/veauthier.com\/en\/wp-json\/wp\/v2\/pages"}],"about":[{"href":"https:\/\/veauthier.com\/en\/wp-json\/wp\/v2\/types\/page"}],"author":[{"embeddable":true,"href":"https:\/\/veauthier.com\/en\/wp-json\/wp\/v2\/users\/1"}],"replies":[{"embeddable":true,"href":"https:\/\/veauthier.com\/en\/wp-json\/wp\/v2\/comments?post=22"}],"version-history":[{"count":21,"href":"https:\/\/veauthier.com\/en\/wp-json\/wp\/v2\/pages\/22\/revisions"}],"predecessor-version":[{"id":1831,"href":"https:\/\/veauthier.com\/en\/wp-json\/wp\/v2\/pages\/22\/revisions\/1831"}],"wp:featuredmedia":[{"embeddable":true,"href":"https:\/\/veauthier.com\/en\/wp-json\/wp\/v2\/media\/1211"}],"wp:attachment":[{"href":"https:\/\/veauthier.com\/en\/wp-json\/wp\/v2\/media?parent=22"}],"curies":[{"name":"wp","href":"https:\/\/api.w.org\/{rel}","templated":true}]}}