{"id":1378,"date":"2023-09-10T23:00:32","date_gmt":"2023-09-10T21:00:32","guid":{"rendered":"https:\/\/veauthier.com\/?page_id=1378"},"modified":"2025-06-23T15:24:52","modified_gmt":"2025-06-23T13:24:52","slug":"welcome-2","status":"publish","type":"page","link":"https:\/\/veauthier.com\/en\/","title":{"rendered":"Veauthier Architekt BDA"},"content":{"rendered":"<p>Als Architekten planen wir f\u00fcr private und \u00f6ffentliche Bauherren und steuern Ihre Projekte von der Vorbereitung \u00fcber die Planung bis zur Realisierung. Nach 25 Jahren Berufst\u00e4tigkeit in der Planung und Projektsteuerung \u00f6ffentlicher und privater Bauvorhaben wissen wir, worauf es ankommt und k\u00f6nnen uns gut auf unterschiedliche Bauherrenprofile einstellen.<\/p>","protected":false},"excerpt":{"rendered":"<p>Als Architekten planen wir f\u00fcr private und \u00f6ffentliche Bauherren und steuern Ihre Projekte von der Vorbereitung \u00fcber die Planung bis zur Realisierung. Nach 25 Jahren Berufst\u00e4tigkeit in der Planung und Projektsteuerung \u00f6ffentlicher und privater Bauvorhaben wissen wir, worauf es ankommt und k\u00f6nnen uns gut auf unterschiedliche Bauherrenprofile einstellen.<\/p>","protected":false},"author":1,"featured_media":1196,"parent":0,"menu_order":0,"comment_status":"closed","ping_status":"closed","template":"","meta":{"_coblocks_attr":"","_coblocks_dimensions":"","_coblocks_responsive_height":"","_coblocks_accordion_ie_support":"","footnotes":""},"class_list":["post-1378","page","type-page","status-publish","has-post-thumbnail","hentry"],"acf":[],"_links":{"self":[{"href":"https:\/\/veauthier.com\/en\/wp-json\/wp\/v2\/pages\/1378","targetHints":{"allow":["GET"]}}],"collection":[{"href":"https:\/\/veauthier.com\/en\/wp-json\/wp\/v2\/pages"}],"about":[{"href":"https:\/\/veauthier.com\/en\/wp-json\/wp\/v2\/types\/page"}],"author":[{"embeddable":true,"href":"https:\/\/veauthier.com\/en\/wp-json\/wp\/v2\/users\/1"}],"replies":[{"embeddable":true,"href":"https:\/\/veauthier.com\/en\/wp-json\/wp\/v2\/comments?post=1378"}],"version-history":[{"count":15,"href":"https:\/\/veauthier.com\/en\/wp-json\/wp\/v2\/pages\/1378\/revisions"}],"predecessor-version":[{"id":1960,"href":"https:\/\/veauthier.com\/en\/wp-json\/wp\/v2\/pages\/1378\/revisions\/1960"}],"wp:featuredmedia":[{"embeddable":true,"href":"https:\/\/veauthier.com\/en\/wp-json\/wp\/v2\/media\/1196"}],"wp:attachment":[{"href":"https:\/\/veauthier.com\/en\/wp-json\/wp\/v2\/media?parent=1378"}],"curies":[{"name":"wp","href":"https:\/\/api.w.org\/{rel}","templated":true}]}}