{"id":1068,"date":"2023-08-30T14:46:16","date_gmt":"2023-08-30T12:46:16","guid":{"rendered":"https:\/\/veauthier.com\/?page_id=1068"},"modified":"2023-11-13T23:49:07","modified_gmt":"2023-11-13T21:49:07","slug":"nachhaltigkeit","status":"publish","type":"page","link":"https:\/\/veauthier.com\/en\/nachhaltigkeit\/","title":{"rendered":"Sustainability services"},"content":{"rendered":"<p>It's about planning and building in a climate-friendly way. There was a lot of discussion about the consequences of climate change and the urgently needed adaptations and damage limitation in the construction industry. One thing is certain: the construction and operation of houses will be organized sustainably in the future. The new requirements have such a strong influence on our current planning and construction that we can speak of a construction turnaround.<\/p>\n\n\n\n<p>This includes a variety of requirements: material and energy-saving construction, building with local materials, low-pollutant construction, timber and hybrid buildings, Building-integrated photovoltaics BIPV, green roofing, green facades<\/p>\n\n\n\n<p>But this also means that a new aesthetic is emerging. We build differently today than we did 10 years ago. In the future, the sustainability of a building will also be reflected in its appearance. Houses will look different in the future than they did in the past. The architectural profession is facing exciting challenges. There is also a new, broad field of sustainability planners and experts who will help shape our planning processes in the future and who will need to be coordinated. The planning teams are growing.<\/p>\n\n\n\n<p>Veauthier Architects have extensive experience in planning and project management of particularly sustainable projects. <\/p>\n\n\n\n<p>Get an idea of our references in sustainable construction:<\/p>\n\n\n\n<p><a href=\"https:\/\/veauthier.com\/en\/projekte\/projektsteuerung-umwelthaus-nurnberg\/\" data-type=\"link\" data-id=\"https:\/\/veauthier.com\/projekte\/projektsteuerung-umwelthaus-nurnberg\/\" target=\"_blank\" rel=\"noreferrer noopener\">Projektsteuerung Hochhaus in Holzhybridbauweise in<\/a><a href=\"https:\/\/veauthier.com\/en\/projekte\/projektsteuerung-umwelthaus-nurnberg\/\" data-type=\"link\" data-id=\"https:\/\/veauthier.com\/projekte\/projektsteuerung-umwelthaus-nurnberg\/\"> N\u00fcrnberg<\/a><\/p>\n\n\n\n<p><a href=\"https:\/\/veauthier.com\/en\/projekte\/projektsteuerung-studierendenwohnhaus-in-holzbauweise\/\" target=\"_blank\" rel=\"noreferrer noopener\">Project management of a wooden student residence<\/a><\/p>\n\n\n\n<p><a rel=\"noreferrer noopener\" href=\"https:\/\/veauthier.com\/en\/projekte\/projektsteuerung-wohnungsbau-in-holzhybridbauweise\/\" data-type=\"link\" data-id=\"https:\/\/veauthier.com\/projekte\/projektsteuerung-wohnungsbau-in-holzhybridbauweise\/\" target=\"_blank\">Project management of residential construction in timber hybrid construction<\/a><\/p>\n\n\n\n<p><a rel=\"noreferrer noopener\" href=\"https:\/\/veauthier.com\/en\/projekte\/wohnungsbau-flottwellstrasse\/\" target=\"_blank\">Planning of residential construction on Flottwellstrasse in KfW NH 55 standard<\/a><\/p>\n\n\n\n<p><a rel=\"noreferrer noopener\" href=\"https:\/\/veauthier.com\/en\/projekte\/wohnungsbau-haasestrasse\/\" target=\"_blank\">Planning of residential construction on Haasestrasse in KfW NH 55 standard<\/a><\/p>\n\n\n\n<p><a href=\"https:\/\/veauthier.com\/en\/projekte\/schwimmhalle-huettenweg\/\" target=\"_blank\" rel=\"noreferrer noopener\">Planning of energy-efficient renovation of the H\u00fcttenweg swimming pool<\/a><\/p>\n\n\n\n<p><a href=\"https:\/\/veauthier.com\/en\/projekte\/schwimmhalle-fischerinsel\/\" data-type=\"link\" data-id=\"https:\/\/veauthier.com\/projekte\/schwimmhalle-fischerinsel\/\" target=\"_blank\" rel=\"noreferrer noopener\">Planning of energy-efficient renovation of the Fischerinsel swimming pool<\/a><\/p>\n\n\n\n<p><a href=\"https:\/\/veauthier.com\/en\/projekte\/schwimmhalle-finckensteinallee\/\" data-type=\"link\" data-id=\"https:\/\/veauthier.com\/projekte\/schwimmhalle-finckensteinallee\/\" target=\"_blank\" rel=\"noreferrer noopener\">Planung energetische Sanierung der denkmalgesch\u00fctzten Schwimmhalle Finckensteinallee<\/a><\/p>\n\n\n\n<p><\/p>\n\n\n\n<p><\/p>\n\n\n\n<p><\/p>\n\n\n\n<p><\/p>","protected":false},"excerpt":{"rendered":"<p>Es geht darum klimagerecht zu planen und zu bauen. \u00dcber die Folgen des Klimawandels und die dringend n\u00f6tigen Anpassungen und Schadensbegrenzung in der Baubranche wurde viel diskutiert. Fest steht: der Bau und Betrieb von H\u00e4usern wird zuk\u00fcnftig nachhaltig organisiert werden. Die neuen Anforderungen pr\u00e4gen unser heutiges Planen und Bauen so stark, dass von einer Bauwende [&hellip;]<\/p>","protected":false},"author":1,"featured_media":1598,"parent":0,"menu_order":0,"comment_status":"closed","ping_status":"closed","template":"","meta":{"_coblocks_attr":"","_coblocks_dimensions":"","_coblocks_responsive_height":"","_coblocks_accordion_ie_support":"","footnotes":""},"class_list":["post-1068","page","type-page","status-publish","has-post-thumbnail","hentry"],"acf":[],"_links":{"self":[{"href":"https:\/\/veauthier.com\/en\/wp-json\/wp\/v2\/pages\/1068","targetHints":{"allow":["GET"]}}],"collection":[{"href":"https:\/\/veauthier.com\/en\/wp-json\/wp\/v2\/pages"}],"about":[{"href":"https:\/\/veauthier.com\/en\/wp-json\/wp\/v2\/types\/page"}],"author":[{"embeddable":true,"href":"https:\/\/veauthier.com\/en\/wp-json\/wp\/v2\/users\/1"}],"replies":[{"embeddable":true,"href":"https:\/\/veauthier.com\/en\/wp-json\/wp\/v2\/comments?post=1068"}],"version-history":[{"count":30,"href":"https:\/\/veauthier.com\/en\/wp-json\/wp\/v2\/pages\/1068\/revisions"}],"predecessor-version":[{"id":1891,"href":"https:\/\/veauthier.com\/en\/wp-json\/wp\/v2\/pages\/1068\/revisions\/1891"}],"wp:featuredmedia":[{"embeddable":true,"href":"https:\/\/veauthier.com\/en\/wp-json\/wp\/v2\/media\/1598"}],"wp:attachment":[{"href":"https:\/\/veauthier.com\/en\/wp-json\/wp\/v2\/media?parent=1068"}],"curies":[{"name":"wp","href":"https:\/\/api.w.org\/{rel}","templated":true}]}}